{"id":118,"date":"2022-05-09T19:29:55","date_gmt":"2022-05-09T19:29:55","guid":{"rendered":"https:\/\/faire-milch.ch\/wordpress\/?page_id=118"},"modified":"2022-09-22T08:34:53","modified_gmt":"2022-09-22T08:34:53","slug":"faironika-steckbrief","status":"publish","type":"page","link":"https:\/\/new.faire-milch.ch\/wordpress\/index.php\/faironika-steckbrief\/","title":{"rendered":"Faironika: Steckbrief"},"content":{"rendered":"\n<figure class=\"wp-block-image\"><img decoding=\"async\" src=\"https:\/\/faire-milch.ch\/img\/faironika_frei.gif\" alt=\"\"\/><figcaption><em>Bos comerzius justizius helvetiae &#8211; schweizerisch und gerecht!<\/em><\/figcaption><\/figure>\n\n\n\n<p><strong>Name<\/strong>:\u201eFaironika\u201c<\/p>\n\n\n\n<p><strong>Tierart<\/strong>: Schweizer Fairtrade Rind (Bos comerzius justizius helvetiae)<\/p>\n\n\n\n<p><strong>N\u00e4chste Verwandte<\/strong>:Onestina (Italien) , Justine (Frankreich)<\/p>\n\n\n\n<p><strong>Verbreitungsgebiet:<\/strong><\/p>\n\n\n\n<p><img loading=\"lazy\" decoding=\"async\" width=\"300\" height=\"300\" src=\"https:\/\/faire-milch.ch\/img\/karte_europa_faironika.gif\"><\/p>\n\n\n\n<p><strong>Lebensweise<\/strong>: H\u00e4lt sich vorzugsweise in der N\u00e4he der Menschen auf, um diese daran zu erinnern, dass nur ein fair bezahlter Milchpreis das Fortbestehen ihrer selbst und das der sie f\u00fctternden und pflegenden Menschen sichert.<\/p>\n\n\n\n<p><strong>Fortpflanzung<\/strong>:Wird nach eingegangener Bestellung innerhalb von sechs Wochen geklont und geliefert.<\/p>\n\n\n\n<p><strong>Bestellung \/ Sponsoring<\/strong> siehe hier &#8211;&gt;&gt;&nbsp;<a href=\"https:\/\/faire-milch.ch\/faironika.asp\">faironika<\/a>&nbsp;<\/p>\n","protected":false},"excerpt":{"rendered":"<p>Name:\u201eFaironika\u201c Tierart: Schweizer Fairtrade Rind (Bos comerzius justizius helvetiae) N\u00e4chste Verwandte:Onestina (Italien) , Justine (Frankreich) Verbreitungsgebiet: Lebensweise: H\u00e4lt sich vorzugsweise in der N\u00e4he der Menschen auf, um diese daran zu erinnern, dass nur ein fair bezahlter Milchpreis das Fortbestehen ihrer selbst und das der sie f\u00fctternden und pflegenden Menschen sichert. Fortpflanzung:Wird nach eingegangener Bestellung innerhalb &hellip; <\/p>\n<p class=\"link-more\"><a href=\"https:\/\/new.faire-milch.ch\/wordpress\/index.php\/faironika-steckbrief\/\" class=\"more-link\"><span class=\"screen-reader-text\">\u201eFaironika: Steckbrief\u201c <\/span>weiterlesen<\/a><\/p>\n","protected":false},"author":1,"featured_media":0,"parent":0,"menu_order":0,"comment_status":"closed","ping_status":"closed","template":"","meta":{"footnotes":""},"class_list":["post-118","page","type-page","status-publish","hentry"],"_links":{"self":[{"href":"https:\/\/new.faire-milch.ch\/wordpress\/index.php\/wp-json\/wp\/v2\/pages\/118","targetHints":{"allow":["GET"]}}],"collection":[{"href":"https:\/\/new.faire-milch.ch\/wordpress\/index.php\/wp-json\/wp\/v2\/pages"}],"about":[{"href":"https:\/\/new.faire-milch.ch\/wordpress\/index.php\/wp-json\/wp\/v2\/types\/page"}],"author":[{"embeddable":true,"href":"https:\/\/new.faire-milch.ch\/wordpress\/index.php\/wp-json\/wp\/v2\/users\/1"}],"replies":[{"embeddable":true,"href":"https:\/\/new.faire-milch.ch\/wordpress\/index.php\/wp-json\/wp\/v2\/comments?post=118"}],"version-history":[{"count":3,"href":"https:\/\/new.faire-milch.ch\/wordpress\/index.php\/wp-json\/wp\/v2\/pages\/118\/revisions"}],"predecessor-version":[{"id":180,"href":"https:\/\/new.faire-milch.ch\/wordpress\/index.php\/wp-json\/wp\/v2\/pages\/118\/revisions\/180"}],"wp:attachment":[{"href":"https:\/\/new.faire-milch.ch\/wordpress\/index.php\/wp-json\/wp\/v2\/media?parent=118"}],"curies":[{"name":"wp","href":"https:\/\/api.w.org\/{rel}","templated":true}]}}