{"id":2,"date":"2022-05-08T15:45:27","date_gmt":"2022-05-08T15:45:27","guid":{"rendered":"https:\/\/faire-milch.ch\/wordpress\/?page_id=2"},"modified":"2022-09-22T07:41:40","modified_gmt":"2022-09-22T07:41:40","slug":"sample-page","status":"publish","type":"page","link":"https:\/\/new.faire-milch.ch\/wordpress\/index.php\/sample-page\/","title":{"rendered":"Wir \u00fcber uns"},"content":{"rendered":"\n<p>BIG-M ist ein Zusammenschluss von Milchproduzenten aus der ganzen Schweiz. Wir sind als Verein organisiert. Im Gegensatz zu den meisten anderen Milchbauernorganisationen (Verb\u00e4nde, Milchgenossenschaften etc) vertreten wir ausschliesslich die Interessen der Milchb\u00e4uerinnen und Milchbauern.<\/p>\n\n\n\n<p>Zurzeit setzt sich der Vorstand wie folgt zusammen:<\/p>\n\n\n\n<p><strong>Sekret\u00e4r und Pr\u00e4sident ad Interim:<\/strong><br>Werner Locher<br>L\u00e4tten, 8906 Bonstetten<br><a href=\"mailto:werner.locher@bluewin.ch\">werner.locher@bluewin.ch<\/a><br>Natel: 079\/ 737 11 64<\/p>\n\n\n\n<p><strong>Aktuar:<\/strong><br>Nik Junker, Mettmenstetten<\/p>\n\n\n\n<p><strong>Rechnungsf\u00fchrerin:<\/strong><br>Silvia Blickensdorfer , Mettmenstetten<\/p>\n\n\n\n<p><strong>Beisitzer:<\/strong><br>Ruedi Steiger Oetikon a S<br>Martin Zimmermann, Cham<br>Toni Peterhans, Fislisbach<br>Christian Weber, Gossau ZH<\/p>\n\n\n\n<p>Wer will kann gerne mit uns Kontakt aufnehmen. Bitte haben Sie aber Verst\u00e4ndnis daf\u00fcr, dass wir nicht immer und nicht immer sofort antworten k\u00f6nnen. Wir wollen nicht, dass unser Vieh und unser Betrieb unter unserem Engagement leidet &#8211; im Gegenteil: mit einem fairen Milchpreis sollte es sich endlich wieder lohnen Zeit in unsere Arbeit zu stecken. Das gilt auch f\u00fcr Medienschaffende: Bitte habt Verst\u00e4ndnis daf\u00fcr, dass wir keine Blitzinterviews geben.<\/p>\n","protected":false},"excerpt":{"rendered":"<p>BIG-M ist ein Zusammenschluss von Milchproduzenten aus der ganzen Schweiz. Wir sind als Verein organisiert. Im Gegensatz zu den meisten anderen Milchbauernorganisationen (Verb\u00e4nde, Milchgenossenschaften etc) vertreten wir ausschliesslich die Interessen der Milchb\u00e4uerinnen und Milchbauern. Zurzeit setzt sich der Vorstand wie folgt zusammen: Sekret\u00e4r und Pr\u00e4sident ad Interim:Werner LocherL\u00e4tten, 8906 Bonstettenwerner.locher@bluewin.chNatel: 079\/ 737 11 64 Aktuar:Nik &hellip; <\/p>\n<p class=\"link-more\"><a href=\"https:\/\/new.faire-milch.ch\/wordpress\/index.php\/sample-page\/\" class=\"more-link\"><span class=\"screen-reader-text\">\u201eWir \u00fcber uns\u201c <\/span>weiterlesen<\/a><\/p>\n","protected":false},"author":1,"featured_media":0,"parent":0,"menu_order":0,"comment_status":"closed","ping_status":"open","template":"","meta":{"footnotes":""},"class_list":["post-2","page","type-page","status-publish","hentry"],"_links":{"self":[{"href":"https:\/\/new.faire-milch.ch\/wordpress\/index.php\/wp-json\/wp\/v2\/pages\/2","targetHints":{"allow":["GET"]}}],"collection":[{"href":"https:\/\/new.faire-milch.ch\/wordpress\/index.php\/wp-json\/wp\/v2\/pages"}],"about":[{"href":"https:\/\/new.faire-milch.ch\/wordpress\/index.php\/wp-json\/wp\/v2\/types\/page"}],"author":[{"embeddable":true,"href":"https:\/\/new.faire-milch.ch\/wordpress\/index.php\/wp-json\/wp\/v2\/users\/1"}],"replies":[{"embeddable":true,"href":"https:\/\/new.faire-milch.ch\/wordpress\/index.php\/wp-json\/wp\/v2\/comments?post=2"}],"version-history":[{"count":7,"href":"https:\/\/new.faire-milch.ch\/wordpress\/index.php\/wp-json\/wp\/v2\/pages\/2\/revisions"}],"predecessor-version":[{"id":150,"href":"https:\/\/new.faire-milch.ch\/wordpress\/index.php\/wp-json\/wp\/v2\/pages\/2\/revisions\/150"}],"wp:attachment":[{"href":"https:\/\/new.faire-milch.ch\/wordpress\/index.php\/wp-json\/wp\/v2\/media?parent=2"}],"curies":[{"name":"wp","href":"https:\/\/api.w.org\/{rel}","templated":true}]}}