{"id":22,"date":"2022-05-08T16:17:21","date_gmt":"2022-05-08T16:17:21","guid":{"rendered":"https:\/\/faire-milch.ch\/wordpress\/?page_id=22"},"modified":"2022-09-22T08:29:34","modified_gmt":"2022-09-22T08:29:34","slug":"wer-kaempft-kann-verlieren-wer-nicht-kaempft-hat-schon-verloren","status":"publish","type":"page","link":"https:\/\/new.faire-milch.ch\/wordpress\/","title":{"rendered":"Wir k\u00e4mpfen f\u00fcr fair bezahlte Milch!"},"content":{"rendered":"\n<p><strong>Die Milchproduktion hat erst dann eine Perspektive, wenn der Markt so ausgerichtet ist, dass der Milchpreis die Kosten der Produktion deckt.<\/strong><\/p>\n\n\n<div class=\"wp-block-image\">\n<figure class=\"aligncenter size-full\"><img decoding=\"async\" src=\"https:\/\/faire-milch.ch\/wordpress\/wp-content\/uploads\/2022\/05\/faironika_frei.gif\" alt=\"\" class=\"wp-image-21\"\/><figcaption><strong>Bauern brauchen einen fairen Milchpreis!<\/strong><\/figcaption><\/figure>\n<\/div>\n\n\n<p>Die b\u00e4uerliche Interessengemeinschaft f\u00fcr fairen Milchmarkt BIG-M k\u00e4mpft als reine Produzentenorganisation f\u00fcr den Fortbestand der b\u00e4uerlichen Milchwirtschaftsbetriebe in der Schweiz. F\u00fcr das Fortbestehen eines Betriebes ist es Grundvoraussetzung, dass er \u00f6konomisch nachhaltig wirtschaften kann. Leider ist gerade dieser Aspekt weit unten auf der Priorit\u00e4tenliste der Milchabnehmer, Molkereien und des Detailhandels. Aktuell sind sie haupts\u00e4chlich damit besch\u00e4ftigt, neue Nachhaltigkeitsprogramme zu kreieren um sich zu profilieren (Greenwashing). Dass die Kosten der Milchproduktion gedeckt werden m\u00fcssten, spielt dabei nur eine untergeordnete Rolle. Dagegen k\u00e4mpfen wir.<\/p>\n\n\n\n<p>Das bedeutet: Wir sind nicht grunds\u00e4tzlich gegen Auflagen oder Einschr\u00e4nkungen der Milchproduktion. Diese m\u00fcssen aber immer so erfolgen, dass die Mehrkosten, der Minderertrag und der zus\u00e4tzliche Arbeitsaufwand gedeckt sind. Entweder durch einen Mehrerl\u00f6s am Markt oder durch eine einkommenswirksame Erh\u00f6hung der Direktzahlungen.<\/p>\n\n\n\n<p>Der Fortbestand der Milchproduktion ist zentral f\u00fcr die Erhaltung der Kulturlandschaft vor allem im H\u00fcgel- und Berggebiet.  Damit die Milchb\u00e4uerinnen und Milchbauern von ihrer Arbeit leben k\u00f6nnen brauchen sie kostendeckende Preise.  Dazu braucht es faire Spielregeln im Milchmarkt. Insbesondere Transparenz . Leider fehlt diese heute weitgehend.<\/p>\n","protected":false},"excerpt":{"rendered":"<p>Die Milchproduktion hat erst dann eine Perspektive, wenn der Markt so ausgerichtet ist, dass der Milchpreis die Kosten der Produktion deckt. Die b\u00e4uerliche Interessengemeinschaft f\u00fcr fairen Milchmarkt BIG-M k\u00e4mpft als reine Produzentenorganisation f\u00fcr den Fortbestand der b\u00e4uerlichen Milchwirtschaftsbetriebe in der Schweiz. F\u00fcr das Fortbestehen eines Betriebes ist es Grundvoraussetzung, dass er \u00f6konomisch nachhaltig wirtschaften kann. &hellip; <\/p>\n<p class=\"link-more\"><a href=\"https:\/\/new.faire-milch.ch\/wordpress\/\" class=\"more-link\"><span class=\"screen-reader-text\">\u201eWir k\u00e4mpfen f\u00fcr fair bezahlte Milch!\u201c <\/span>weiterlesen<\/a><\/p>\n","protected":false},"author":1,"featured_media":0,"parent":0,"menu_order":0,"comment_status":"closed","ping_status":"closed","template":"","meta":{"footnotes":""},"class_list":["post-22","page","type-page","status-publish","hentry"],"_links":{"self":[{"href":"https:\/\/new.faire-milch.ch\/wordpress\/index.php\/wp-json\/wp\/v2\/pages\/22","targetHints":{"allow":["GET"]}}],"collection":[{"href":"https:\/\/new.faire-milch.ch\/wordpress\/index.php\/wp-json\/wp\/v2\/pages"}],"about":[{"href":"https:\/\/new.faire-milch.ch\/wordpress\/index.php\/wp-json\/wp\/v2\/types\/page"}],"author":[{"embeddable":true,"href":"https:\/\/new.faire-milch.ch\/wordpress\/index.php\/wp-json\/wp\/v2\/users\/1"}],"replies":[{"embeddable":true,"href":"https:\/\/new.faire-milch.ch\/wordpress\/index.php\/wp-json\/wp\/v2\/comments?post=22"}],"version-history":[{"count":9,"href":"https:\/\/new.faire-milch.ch\/wordpress\/index.php\/wp-json\/wp\/v2\/pages\/22\/revisions"}],"predecessor-version":[{"id":178,"href":"https:\/\/new.faire-milch.ch\/wordpress\/index.php\/wp-json\/wp\/v2\/pages\/22\/revisions\/178"}],"wp:attachment":[{"href":"https:\/\/new.faire-milch.ch\/wordpress\/index.php\/wp-json\/wp\/v2\/media?parent=22"}],"curies":[{"name":"wp","href":"https:\/\/api.w.org\/{rel}","templated":true}]}}