{"id":98,"date":"2022-09-22T08:20:17","date_gmt":"2022-09-22T08:20:17","guid":{"rendered":"https:\/\/faire-milch.ch\/wordpress\/?page_id=98"},"modified":"2023-03-20T23:36:53","modified_gmt":"2023-03-20T23:36:53","slug":"berichterstattung","status":"publish","type":"page","link":"https:\/\/new.faire-milch.ch\/wordpress\/index.php\/berichterstattung\/","title":{"rendered":"Berichterstattung in den Medien"},"content":{"rendered":"\n<p><em>Leider wir in vielen Medien sehr unvollst\u00e4ndig und oft auch nur einseitig \u00fcber die Milchwirtschaft berichtet, so dass es einem normalen B\u00fcrger fast nicht m\u00f6glich ist, sich ein umfassendes Bild zu machen. Dem wollen wir etwas entgegensteuern und schalten hier ausschliesslich Berichte auf, welche aus unserer Sicht einzelne Problemfelder besonders gut beleuchten.<\/em><\/p>\n\n\n\n<p class=\"has-medium-font-size\"><strong>Rohstoffwert Milch bricht ein<\/strong><\/p>\n\n\n\n<p>Der anhaltende Verfall der Notierungen f\u00fcr Butter und Magermilchpulver hat den vom Kieler Institut f\u00fcr Ern\u00e4hrungswirtschaft (ife) berechneten Rohstoffwert der Milch im Februar erstmals seit eineinhalb Jahren wieder unter die Marke von 40 Cent gedr\u00fcckt. <\/p>\n\n\n\n<p><a href=\"https:\/\/www.schweizerbauer.ch\/politik-wirtschaft\/milchmarkt\/rohstoffwert-milch-bricht-ein-2\/\">Rohstoffwert Milch bricht ein &#8211; Schweizer Bauer<\/a><\/p>\n\n\n\n<p><\/p>\n\n\n\n<p class=\"has-medium-font-size\"><strong>Coop, Migros, les petits secrets de la grande distribution<\/strong><\/p>\n\n\n\n<p>In diesem TV-Beitrag ist alles drin: Die Marktmacht, die Intransparenz, &nbsp;das Versagen der BOM, die zwei H\u00fcte der Produzentenvertreter usw. Interessant sind besonders die Aussagen der Cremo B\u00e4uerin, welche auch in der BOM sitzt. Film auf franz\u00f6sisch.<\/p>\n\n\n\n<p><a href=\"https:\/\/www.rts.ch\/play\/tv\/temps-present\/video\/coop-migros-les-petits-secrets-de-la-grande-distribution?urn=urn:rts:video:13839886\">https:\/\/www.rts.ch\/play\/tv\/temps-present\/video\/coop-migros-les-petits-secrets-de-la-grande-distribution?urn=urn:rts:video:13839886<\/a><\/p>\n","protected":false},"excerpt":{"rendered":"<p>Leider wir in vielen Medien sehr unvollst\u00e4ndig und oft auch nur einseitig \u00fcber die Milchwirtschaft berichtet, so dass es einem normalen B\u00fcrger fast nicht m\u00f6glich ist, sich ein umfassendes Bild zu machen. Dem wollen wir etwas entgegensteuern und schalten hier ausschliesslich Berichte auf, welche aus unserer Sicht einzelne Problemfelder besonders gut beleuchten. Rohstoffwert Milch bricht &hellip; <\/p>\n<p class=\"link-more\"><a href=\"https:\/\/new.faire-milch.ch\/wordpress\/index.php\/berichterstattung\/\" class=\"more-link\"><span class=\"screen-reader-text\">\u201eBerichterstattung in den Medien\u201c <\/span>weiterlesen<\/a><\/p>\n","protected":false},"author":1,"featured_media":0,"parent":0,"menu_order":0,"comment_status":"closed","ping_status":"closed","template":"","meta":{"footnotes":""},"class_list":["post-98","page","type-page","status-publish","hentry"],"_links":{"self":[{"href":"https:\/\/new.faire-milch.ch\/wordpress\/index.php\/wp-json\/wp\/v2\/pages\/98","targetHints":{"allow":["GET"]}}],"collection":[{"href":"https:\/\/new.faire-milch.ch\/wordpress\/index.php\/wp-json\/wp\/v2\/pages"}],"about":[{"href":"https:\/\/new.faire-milch.ch\/wordpress\/index.php\/wp-json\/wp\/v2\/types\/page"}],"author":[{"embeddable":true,"href":"https:\/\/new.faire-milch.ch\/wordpress\/index.php\/wp-json\/wp\/v2\/users\/1"}],"replies":[{"embeddable":true,"href":"https:\/\/new.faire-milch.ch\/wordpress\/index.php\/wp-json\/wp\/v2\/comments?post=98"}],"version-history":[{"count":10,"href":"https:\/\/new.faire-milch.ch\/wordpress\/index.php\/wp-json\/wp\/v2\/pages\/98\/revisions"}],"predecessor-version":[{"id":367,"href":"https:\/\/new.faire-milch.ch\/wordpress\/index.php\/wp-json\/wp\/v2\/pages\/98\/revisions\/367"}],"wp:attachment":[{"href":"https:\/\/new.faire-milch.ch\/wordpress\/index.php\/wp-json\/wp\/v2\/media?parent=98"}],"curies":[{"name":"wp","href":"https:\/\/api.w.org\/{rel}","templated":true}]}}